{"id":1717,"date":"2025-09-16T09:13:58","date_gmt":"2025-09-16T09:13:58","guid":{"rendered":"https:\/\/myboderm.com\/product\/hairgen-schaumstoff-125ml\/"},"modified":"2026-03-04T12:42:50","modified_gmt":"2026-03-04T12:42:50","slug":"hairgen-schaumstoff-125ml","status":"publish","type":"product","link":"https:\/\/myboderm.com\/de\/produkt\/hairgen-schaumstoff-125ml\/","title":{"rendered":"HAIRGEN\u2122 Schaumstoff 125ml"},"content":{"rendered":"<p class=\" translation-block\"><b> Hairgen\u2122 Schaumstoff <\/b>ist ein Anti-Haarausfall-Produkt. Hairgen\u2122 Spray erh\u00f6ht das Wachstum, das Volumen und die L\u00e4nge der Haare und macht sie widerstandsf\u00e4higer.<\/p>\n<p class=\" translation-block\">Hairgen\u2122 Schaumstoff verwendet eine exklusive Formulierung mit bekannten Inhaltsstoffen wie:<\/p>\n<ul>\n<li><b>Saw Palmetto<\/b><\/li>\n<li><b>Diamino Pyrimidine Oxide<\/b><\/li>\n<li><b>Ginkgo Biloba<\/b><\/li>\n<li><b>Milk Proteins, Lactose<\/b><\/li>\n<li><b>Niacinamid<\/b><\/li>\n<\/ul>\n<p><b>Hairgen\u2122 Schaumstoff <\/b>wurde entwickelt, um Produktverschwendung zu vermeiden und die Anwendung wesentlich einfacher zu gestalten als bei Ampullen.<\/p>\n<p>Der <b>Hairgen\u2122 Schaumstoff <\/b>ist in Packungen mit 125 ml erh\u00e4ltlich.<\/p>\n<p class=\"red\">Medizinisches Ger\u00e4t<\/p>\n<p class=\"red\">Dermatologisch getestet<\/p>\n","protected":false},"excerpt":{"rendered":"<p>Hairgen\u2122 Schaumstoff ist ein Anti-Haarausfall-Produkt. Hairgen\u2122 Spray erh\u00f6ht das Wachstum, das Volumen und die L\u00e4nge der Haare und macht sie [&hellip;]<\/p>\n","protected":false},"featured_media":1718,"comment_status":"closed","ping_status":"closed","template":"","meta":{"site-sidebar-layout":"default","site-content-layout":"","ast-site-content-layout":"default","site-content-style":"default","site-sidebar-style":"default","ast-global-header-display":"","ast-banner-title-visibility":"","ast-main-header-display":"","ast-hfb-above-header-display":"","ast-hfb-below-header-display":"","ast-hfb-mobile-header-display":"","site-post-title":"","ast-breadcrumbs-content":"","ast-featured-img":"","footer-sml-layout":"","ast-disable-related-posts":"","theme-transparent-header-meta":"","adv-header-id-meta":"","stick-header-meta":"","header-above-stick-meta":"","header-main-stick-meta":"","header-below-stick-meta":"","astra-migrate-meta-layouts":"default","ast-page-background-enabled":"default","ast-page-background-meta":{"desktop":{"background-color":"var(--ast-global-color-5)","background-image":"","background-repeat":"repeat","background-position":"center center","background-size":"auto","background-attachment":"scroll","background-type":"","background-media":"","overlay-type":"","overlay-color":"","overlay-opacity":"","overlay-gradient":""},"tablet":{"background-color":"","background-image":"","background-repeat":"repeat","background-position":"center center","background-size":"auto","background-attachment":"scroll","background-type":"","background-media":"","overlay-type":"","overlay-color":"","overlay-opacity":"","overlay-gradient":""},"mobile":{"background-color":"","background-image":"","background-repeat":"repeat","background-position":"center center","background-size":"auto","background-attachment":"scroll","background-type":"","background-media":"","overlay-type":"","overlay-color":"","overlay-opacity":"","overlay-gradient":""}},"ast-content-background-meta":{"desktop":{"background-color":"var(--ast-global-color-4)","background-image":"","background-repeat":"repeat","background-position":"center center","background-size":"auto","background-attachment":"scroll","background-type":"","background-media":"","overlay-type":"","overlay-color":"","overlay-opacity":"","overlay-gradient":""},"tablet":{"background-color":"var(--ast-global-color-4)","background-image":"","background-repeat":"repeat","background-position":"center center","background-size":"auto","background-attachment":"scroll","background-type":"","background-media":"","overlay-type":"","overlay-color":"","overlay-opacity":"","overlay-gradient":""},"mobile":{"background-color":"var(--ast-global-color-4)","background-image":"","background-repeat":"repeat","background-position":"center center","background-size":"auto","background-attachment":"scroll","background-type":"","background-media":"","overlay-type":"","overlay-color":"","overlay-opacity":"","overlay-gradient":""}}},"product_brand":[],"product_cat":[110,104,100,121],"product_tag":[],"class_list":{"0":"post-1717","1":"product","2":"type-product","3":"status-publish","4":"has-post-thumbnail","6":"product_cat-haarpflege","7":"product_cat-klinische-dermatologie","8":"product_cat-produkte","9":"product_cat-difuse-oder-androgenetische-alopezie","10":"desktop-align-left","11":"tablet-align-left","12":"mobile-align-left","14":"first","15":"instock","16":"purchasable","17":"product-type-simple"},"_links":{"self":[{"href":"https:\/\/myboderm.com\/de\/wp-json\/wp\/v2\/product\/1717","targetHints":{"allow":["GET"]}}],"collection":[{"href":"https:\/\/myboderm.com\/de\/wp-json\/wp\/v2\/product"}],"about":[{"href":"https:\/\/myboderm.com\/de\/wp-json\/wp\/v2\/types\/product"}],"replies":[{"embeddable":true,"href":"https:\/\/myboderm.com\/de\/wp-json\/wp\/v2\/comments?post=1717"}],"version-history":[{"count":1,"href":"https:\/\/myboderm.com\/de\/wp-json\/wp\/v2\/product\/1717\/revisions"}],"predecessor-version":[{"id":4753,"href":"https:\/\/myboderm.com\/de\/wp-json\/wp\/v2\/product\/1717\/revisions\/4753"}],"wp:featuredmedia":[{"embeddable":true,"href":"https:\/\/myboderm.com\/de\/wp-json\/wp\/v2\/media\/1718"}],"wp:attachment":[{"href":"https:\/\/myboderm.com\/de\/wp-json\/wp\/v2\/media?parent=1717"}],"wp:term":[{"taxonomy":"product_brand","embeddable":true,"href":"https:\/\/myboderm.com\/de\/wp-json\/wp\/v2\/product_brand?post=1717"},{"taxonomy":"product_cat","embeddable":true,"href":"https:\/\/myboderm.com\/de\/wp-json\/wp\/v2\/product_cat?post=1717"},{"taxonomy":"product_tag","embeddable":true,"href":"https:\/\/myboderm.com\/de\/wp-json\/wp\/v2\/product_tag?post=1717"}],"curies":[{"name":"wp","href":"https:\/\/api.w.org\/{rel}","templated":true}]}}