{"id":1705,"date":"2025-09-16T09:13:58","date_gmt":"2025-09-16T09:13:58","guid":{"rendered":"https:\/\/myboderm.com\/product\/acnaid-fluessigseife-300ml-500ml\/"},"modified":"2026-03-04T12:42:50","modified_gmt":"2026-03-04T12:42:50","slug":"acnaid-fluessigseife-300ml-500ml","status":"publish","type":"product","link":"https:\/\/myboderm.com\/de\/produkt\/acnaid-fluessigseife-300ml-500ml\/","title":{"rendered":"ACNAID\u2122 Fl\u00fcssigseife 300ml &amp; 500ml<br>"},"content":{"rendered":"<p>&#8218;<\/p>\n<p class=\" translation-block\"><b>Die Acnaid\u2122 Fl\u00fcssigseife <\/b>reinigt und beruhigt die Haut von Patienten mit Aknesymptomen. Sie tr\u00e4gt dazu bei, \u00fcbersch\u00fcssigen Talg zu reduzieren und Mikroorganismen zu entfernen, die die zu Akne neigende Haut reizen. Ihre einzigartige Zusammensetzung ist reich an:  <\/p>\n<ul>\n<li><b>Wasserlilie<\/b><\/li>\n<li><b>Climbazol und Pirocton Olamin haben eine einzigartige Wirkung gegen Mikroorganismen, die gesunde N\u00e4gel sch\u00e4digen.<\/b><\/li>\n<li><b>Glyzerin<\/b><\/li>\n<\/ul>\n<p>Simultaneously, it provides hydration and relief to irritated areas of the skin, leaving a pleasant sensation.<\/p>\n<p class=\" translation-block\">Erh\u00e4ltlich in Packungen mit <b>300ml und 500ml.<\/b><\/p>\n<p class=\"red\">Medizinisches Ger\u00e4t<\/p>\n<p class=\"red\">Dermatologisch getestet<\/p>\n","protected":false},"excerpt":{"rendered":"<p>&#8218; Die Acnaid\u2122 Fl\u00fcssigseife reinigt und beruhigt die Haut von Patienten mit Aknesymptomen. Sie tr\u00e4gt dazu bei, \u00fcbersch\u00fcssigen Talg zu [&hellip;]<\/p>\n","protected":false},"featured_media":1706,"comment_status":"closed","ping_status":"open","template":"","meta":{"site-sidebar-layout":"default","site-content-layout":"","ast-site-content-layout":"default","site-content-style":"default","site-sidebar-style":"default","ast-global-header-display":"","ast-banner-title-visibility":"","ast-main-header-display":"","ast-hfb-above-header-display":"","ast-hfb-below-header-display":"","ast-hfb-mobile-header-display":"","site-post-title":"","ast-breadcrumbs-content":"","ast-featured-img":"","footer-sml-layout":"","ast-disable-related-posts":"","theme-transparent-header-meta":"","adv-header-id-meta":"","stick-header-meta":"","header-above-stick-meta":"","header-main-stick-meta":"","header-below-stick-meta":"","astra-migrate-meta-layouts":"default","ast-page-background-enabled":"default","ast-page-background-meta":{"desktop":{"background-color":"var(--ast-global-color-5)","background-image":"","background-repeat":"repeat","background-position":"center center","background-size":"auto","background-attachment":"scroll","background-type":"","background-media":"","overlay-type":"","overlay-color":"","overlay-opacity":"","overlay-gradient":""},"tablet":{"background-color":"","background-image":"","background-repeat":"repeat","background-position":"center center","background-size":"auto","background-attachment":"scroll","background-type":"","background-media":"","overlay-type":"","overlay-color":"","overlay-opacity":"","overlay-gradient":""},"mobile":{"background-color":"","background-image":"","background-repeat":"repeat","background-position":"center center","background-size":"auto","background-attachment":"scroll","background-type":"","background-media":"","overlay-type":"","overlay-color":"","overlay-opacity":"","overlay-gradient":""}},"ast-content-background-meta":{"desktop":{"background-color":"var(--ast-global-color-4)","background-image":"","background-repeat":"repeat","background-position":"center center","background-size":"auto","background-attachment":"scroll","background-type":"","background-media":"","overlay-type":"","overlay-color":"","overlay-opacity":"","overlay-gradient":""},"tablet":{"background-color":"var(--ast-global-color-4)","background-image":"","background-repeat":"repeat","background-position":"center center","background-size":"auto","background-attachment":"scroll","background-type":"","background-media":"","overlay-type":"","overlay-color":"","overlay-opacity":"","overlay-gradient":""},"mobile":{"background-color":"var(--ast-global-color-4)","background-image":"","background-repeat":"repeat","background-position":"center center","background-size":"auto","background-attachment":"scroll","background-type":"","background-media":"","overlay-type":"","overlay-color":"","overlay-opacity":"","overlay-gradient":""}}},"product_brand":[],"product_cat":[104,100,111],"product_tag":[],"class_list":{"0":"post-1705","1":"product","2":"type-product","3":"status-publish","4":"has-post-thumbnail","6":"product_cat-klinische-dermatologie","7":"product_cat-produkte","8":"product_cat-akne","9":"desktop-align-left","10":"tablet-align-left","11":"mobile-align-left","13":"first","14":"instock","15":"purchasable","16":"product-type-simple"},"_links":{"self":[{"href":"https:\/\/myboderm.com\/de\/wp-json\/wp\/v2\/product\/1705","targetHints":{"allow":["GET"]}}],"collection":[{"href":"https:\/\/myboderm.com\/de\/wp-json\/wp\/v2\/product"}],"about":[{"href":"https:\/\/myboderm.com\/de\/wp-json\/wp\/v2\/types\/product"}],"replies":[{"embeddable":true,"href":"https:\/\/myboderm.com\/de\/wp-json\/wp\/v2\/comments?post=1705"}],"version-history":[{"count":1,"href":"https:\/\/myboderm.com\/de\/wp-json\/wp\/v2\/product\/1705\/revisions"}],"predecessor-version":[{"id":4762,"href":"https:\/\/myboderm.com\/de\/wp-json\/wp\/v2\/product\/1705\/revisions\/4762"}],"wp:featuredmedia":[{"embeddable":true,"href":"https:\/\/myboderm.com\/de\/wp-json\/wp\/v2\/media\/1706"}],"wp:attachment":[{"href":"https:\/\/myboderm.com\/de\/wp-json\/wp\/v2\/media?parent=1705"}],"wp:term":[{"taxonomy":"product_brand","embeddable":true,"href":"https:\/\/myboderm.com\/de\/wp-json\/wp\/v2\/product_brand?post=1705"},{"taxonomy":"product_cat","embeddable":true,"href":"https:\/\/myboderm.com\/de\/wp-json\/wp\/v2\/product_cat?post=1705"},{"taxonomy":"product_tag","embeddable":true,"href":"https:\/\/myboderm.com\/de\/wp-json\/wp\/v2\/product_tag?post=1705"}],"curies":[{"name":"wp","href":"https:\/\/api.w.org\/{rel}","templated":true}]}}