{"id":1697,"date":"2025-09-16T09:13:58","date_gmt":"2025-09-16T09:13:58","guid":{"rendered":"https:\/\/myboderm.com\/product\/schimmernde-koerpercreme-spf-30\/"},"modified":"2026-03-04T12:42:50","modified_gmt":"2026-03-04T12:42:50","slug":"schimmernde-koerpercreme-spf-30","status":"publish","type":"product","link":"https:\/\/myboderm.com\/de\/produkt\/schimmernde-koerpercreme-spf-30\/","title":{"rendered":"Schimmernde K\u00f6rpercreme SPF 30"},"content":{"rendered":"<p>Sonnenschutz K\u00f6rper Schimmernde Lotion<\/p>\n<p>Sonnenschutzmittel f\u00fcr den K\u00f6rper mit Glitzer (leuchten wie die Sonne) und LSF 30 plus:<\/p>\n<ul>\n<li>UVA und UVB-Filtersystem<\/li>\n<li><b>Hyalurons\u00e4ure (Natriumhyaluronat) <\/b><\/li>\n<li><b> Vitamin E <\/b><\/li>\n<li><b> Bisabolol <\/b><\/li>\n<li><b> Aloe<\/b><\/li>\n<\/ul>\n<p><b>Extra feuchtigkeitsspendende Mittel <\/b><\/p>\n<ul>\n<li><b> Panthenol <\/b><\/li>\n<li><b> Beta Glucan Direkte Absorption! <\/b><\/li>\n<li><b> Ausgezeichnetes Nachgef\u00fchl<\/b><\/li>\n<li><b> pH 5,5-6,0<\/b><\/li>\n<\/ul>\n<p class=\" translation-block\">Packung mit<b> 200ml<\/b> (Airless-Flasche).<\/p>\n<p class=\"red\">Dermatologisch getestet<\/p>\n","protected":false},"excerpt":{"rendered":"<p>Sonnenschutz K\u00f6rper Schimmernde Lotion Sonnenschutzmittel f\u00fcr den K\u00f6rper mit Glitzer (leuchten wie die Sonne) und LSF 30 plus: UVA und [&hellip;]<\/p>\n","protected":false},"featured_media":1698,"comment_status":"closed","ping_status":"open","template":"","meta":{"site-sidebar-layout":"default","site-content-layout":"","ast-site-content-layout":"default","site-content-style":"default","site-sidebar-style":"default","ast-global-header-display":"","ast-banner-title-visibility":"","ast-main-header-display":"","ast-hfb-above-header-display":"","ast-hfb-below-header-display":"","ast-hfb-mobile-header-display":"","site-post-title":"","ast-breadcrumbs-content":"","ast-featured-img":"","footer-sml-layout":"","ast-disable-related-posts":"","theme-transparent-header-meta":"","adv-header-id-meta":"","stick-header-meta":"","header-above-stick-meta":"","header-main-stick-meta":"","header-below-stick-meta":"","astra-migrate-meta-layouts":"default","ast-page-background-enabled":"default","ast-page-background-meta":{"desktop":{"background-color":"var(--ast-global-color-5)","background-image":"","background-repeat":"repeat","background-position":"center center","background-size":"auto","background-attachment":"scroll","background-type":"","background-media":"","overlay-type":"","overlay-color":"","overlay-opacity":"","overlay-gradient":""},"tablet":{"background-color":"","background-image":"","background-repeat":"repeat","background-position":"center center","background-size":"auto","background-attachment":"scroll","background-type":"","background-media":"","overlay-type":"","overlay-color":"","overlay-opacity":"","overlay-gradient":""},"mobile":{"background-color":"","background-image":"","background-repeat":"repeat","background-position":"center center","background-size":"auto","background-attachment":"scroll","background-type":"","background-media":"","overlay-type":"","overlay-color":"","overlay-opacity":"","overlay-gradient":""}},"ast-content-background-meta":{"desktop":{"background-color":"var(--ast-global-color-4)","background-image":"","background-repeat":"repeat","background-position":"center center","background-size":"auto","background-attachment":"scroll","background-type":"","background-media":"","overlay-type":"","overlay-color":"","overlay-opacity":"","overlay-gradient":""},"tablet":{"background-color":"var(--ast-global-color-4)","background-image":"","background-repeat":"repeat","background-position":"center center","background-size":"auto","background-attachment":"scroll","background-type":"","background-media":"","overlay-type":"","overlay-color":"","overlay-opacity":"","overlay-gradient":""},"mobile":{"background-color":"var(--ast-global-color-4)","background-image":"","background-repeat":"repeat","background-position":"center center","background-size":"auto","background-attachment":"scroll","background-type":"","background-media":"","overlay-type":"","overlay-color":"","overlay-opacity":"","overlay-gradient":""}}},"product_brand":[],"product_cat":[94,105,100],"product_tag":[],"class_list":{"0":"post-1697","1":"product","2":"type-product","3":"status-publish","4":"has-post-thumbnail","6":"product_cat-korperpflege-premium-kollektion","7":"product_cat-kosmetika","8":"product_cat-produkte","9":"desktop-align-left","10":"tablet-align-left","11":"mobile-align-left","13":"first","14":"instock","15":"purchasable","16":"product-type-simple"},"_links":{"self":[{"href":"https:\/\/myboderm.com\/de\/wp-json\/wp\/v2\/product\/1697","targetHints":{"allow":["GET"]}}],"collection":[{"href":"https:\/\/myboderm.com\/de\/wp-json\/wp\/v2\/product"}],"about":[{"href":"https:\/\/myboderm.com\/de\/wp-json\/wp\/v2\/types\/product"}],"replies":[{"embeddable":true,"href":"https:\/\/myboderm.com\/de\/wp-json\/wp\/v2\/comments?post=1697"}],"version-history":[{"count":1,"href":"https:\/\/myboderm.com\/de\/wp-json\/wp\/v2\/product\/1697\/revisions"}],"predecessor-version":[{"id":4760,"href":"https:\/\/myboderm.com\/de\/wp-json\/wp\/v2\/product\/1697\/revisions\/4760"}],"wp:featuredmedia":[{"embeddable":true,"href":"https:\/\/myboderm.com\/de\/wp-json\/wp\/v2\/media\/1698"}],"wp:attachment":[{"href":"https:\/\/myboderm.com\/de\/wp-json\/wp\/v2\/media?parent=1697"}],"wp:term":[{"taxonomy":"product_brand","embeddable":true,"href":"https:\/\/myboderm.com\/de\/wp-json\/wp\/v2\/product_brand?post=1697"},{"taxonomy":"product_cat","embeddable":true,"href":"https:\/\/myboderm.com\/de\/wp-json\/wp\/v2\/product_cat?post=1697"},{"taxonomy":"product_tag","embeddable":true,"href":"https:\/\/myboderm.com\/de\/wp-json\/wp\/v2\/product_tag?post=1697"}],"curies":[{"name":"wp","href":"https:\/\/api.w.org\/{rel}","templated":true}]}}