{"id":1685,"date":"2025-09-16T09:13:58","date_gmt":"2025-09-16T09:13:58","guid":{"rendered":"https:\/\/myboderm.com\/product\/dialogue-koerperlotion-300ml\/"},"modified":"2026-03-04T12:42:50","modified_gmt":"2026-03-04T12:42:50","slug":"dialogue-koerperlotion-300ml","status":"publish","type":"product","link":"https:\/\/myboderm.com\/de\/produkt\/dialogue-koerperlotion-300ml\/","title":{"rendered":"Dialogue K\u00f6rperlotion 300ml"},"content":{"rendered":"<p>Inspiriert von dem bl\u00fchenden Garten der sch\u00f6nen Helena in Sparta, voller <em><span class=\"dail\">schwarzer Johannisbeeren<\/span><\/em> und umgeben von <em><span class=\"dail\">hellen W\u00e4ldern<\/span><\/em>.<\/p>\n<p>Ein Ort, an dem die Frau eine herausragende Rolle in der Gesellschaft spielte und eine dynamische Leistung erbrachte.<\/p>\n<p>Homer widmete ihr die Ilias auf eine unvergessliche Weise voller Emotionen.<\/p>\n<p>Hautpflegend, sanft reinigend, hervorragende Textur plus Traubenfruchtextrakt<\/p>\n<ul>\n<li>Erweichend &amp; antioxidativ<\/li>\n<li>Abessinisches \u00d6l<\/li>\n<li>Mandel\u00f6l<\/li>\n<li>Oliven\u00f6l<\/li>\n<li>Hyalurons\u00e4ure<\/li>\n<li>Shimmering Edition K\u00f6rperlotion<\/li>\n<li>H\u00f6chste Textur<\/li>\n<li>Mit Glitzer f\u00fcr Glanz<\/li>\n<\/ul>\n<p>Aromen:<\/p>\n<p class=\"dail\"><em>Schwarze Johannisbeere<\/em><\/p>\n<p class=\"dail\"><em>Helle H\u00f6lzer<\/em><\/p>\n<p class=\"red\">Dermatologisch getestet<\/p>\n","protected":false},"excerpt":{"rendered":"<p>Inspiriert von dem bl\u00fchenden Garten der sch\u00f6nen Helena in Sparta, voller schwarzer Johannisbeeren und umgeben von hellen W\u00e4ldern. Ein Ort, [&hellip;]<\/p>\n","protected":false},"featured_media":1686,"comment_status":"closed","ping_status":"open","template":"","meta":{"site-sidebar-layout":"default","site-content-layout":"","ast-site-content-layout":"default","site-content-style":"default","site-sidebar-style":"default","ast-global-header-display":"","ast-banner-title-visibility":"","ast-main-header-display":"","ast-hfb-above-header-display":"","ast-hfb-below-header-display":"","ast-hfb-mobile-header-display":"","site-post-title":"","ast-breadcrumbs-content":"","ast-featured-img":"","footer-sml-layout":"","ast-disable-related-posts":"","theme-transparent-header-meta":"","adv-header-id-meta":"","stick-header-meta":"","header-above-stick-meta":"","header-main-stick-meta":"","header-below-stick-meta":"","astra-migrate-meta-layouts":"default","ast-page-background-enabled":"default","ast-page-background-meta":{"desktop":{"background-color":"var(--ast-global-color-5)","background-image":"","background-repeat":"repeat","background-position":"center center","background-size":"auto","background-attachment":"scroll","background-type":"","background-media":"","overlay-type":"","overlay-color":"","overlay-opacity":"","overlay-gradient":""},"tablet":{"background-color":"","background-image":"","background-repeat":"repeat","background-position":"center center","background-size":"auto","background-attachment":"scroll","background-type":"","background-media":"","overlay-type":"","overlay-color":"","overlay-opacity":"","overlay-gradient":""},"mobile":{"background-color":"","background-image":"","background-repeat":"repeat","background-position":"center center","background-size":"auto","background-attachment":"scroll","background-type":"","background-media":"","overlay-type":"","overlay-color":"","overlay-opacity":"","overlay-gradient":""}},"ast-content-background-meta":{"desktop":{"background-color":"var(--ast-global-color-4)","background-image":"","background-repeat":"repeat","background-position":"center center","background-size":"auto","background-attachment":"scroll","background-type":"","background-media":"","overlay-type":"","overlay-color":"","overlay-opacity":"","overlay-gradient":""},"tablet":{"background-color":"var(--ast-global-color-4)","background-image":"","background-repeat":"repeat","background-position":"center center","background-size":"auto","background-attachment":"scroll","background-type":"","background-media":"","overlay-type":"","overlay-color":"","overlay-opacity":"","overlay-gradient":""},"mobile":{"background-color":"var(--ast-global-color-4)","background-image":"","background-repeat":"repeat","background-position":"center center","background-size":"auto","background-attachment":"scroll","background-type":"","background-media":"","overlay-type":"","overlay-color":"","overlay-opacity":"","overlay-gradient":""}}},"product_brand":[],"product_cat":[94,105,100],"product_tag":[],"class_list":{"0":"post-1685","1":"product","2":"type-product","3":"status-publish","4":"has-post-thumbnail","6":"product_cat-korperpflege-premium-kollektion","7":"product_cat-kosmetika","8":"product_cat-produkte","9":"desktop-align-left","10":"tablet-align-left","11":"mobile-align-left","13":"first","14":"instock","15":"purchasable","16":"product-type-simple"},"_links":{"self":[{"href":"https:\/\/myboderm.com\/de\/wp-json\/wp\/v2\/product\/1685","targetHints":{"allow":["GET"]}}],"collection":[{"href":"https:\/\/myboderm.com\/de\/wp-json\/wp\/v2\/product"}],"about":[{"href":"https:\/\/myboderm.com\/de\/wp-json\/wp\/v2\/types\/product"}],"replies":[{"embeddable":true,"href":"https:\/\/myboderm.com\/de\/wp-json\/wp\/v2\/comments?post=1685"}],"version-history":[{"count":1,"href":"https:\/\/myboderm.com\/de\/wp-json\/wp\/v2\/product\/1685\/revisions"}],"predecessor-version":[{"id":4751,"href":"https:\/\/myboderm.com\/de\/wp-json\/wp\/v2\/product\/1685\/revisions\/4751"}],"wp:featuredmedia":[{"embeddable":true,"href":"https:\/\/myboderm.com\/de\/wp-json\/wp\/v2\/media\/1686"}],"wp:attachment":[{"href":"https:\/\/myboderm.com\/de\/wp-json\/wp\/v2\/media?parent=1685"}],"wp:term":[{"taxonomy":"product_brand","embeddable":true,"href":"https:\/\/myboderm.com\/de\/wp-json\/wp\/v2\/product_brand?post=1685"},{"taxonomy":"product_cat","embeddable":true,"href":"https:\/\/myboderm.com\/de\/wp-json\/wp\/v2\/product_cat?post=1685"},{"taxonomy":"product_tag","embeddable":true,"href":"https:\/\/myboderm.com\/de\/wp-json\/wp\/v2\/product_tag?post=1685"}],"curies":[{"name":"wp","href":"https:\/\/api.w.org\/{rel}","templated":true}]}}