{"id":1681,"date":"2025-10-23T12:29:59","date_gmt":"2025-10-23T12:29:59","guid":{"rendered":"https:\/\/myboderm.com\/product\/podiakro-callus-remover-gel\/"},"modified":"2026-03-04T12:42:51","modified_gmt":"2026-03-04T12:42:51","slug":"podiakro-callus-remover-gel","status":"publish","type":"product","link":"https:\/\/myboderm.com\/de\/produkt\/podiakro-callus-remover-gel\/","title":{"rendered":"PODIAKRO CALLUS REMOVER GEL"},"content":{"rendered":"<p>Spezialisiertes Gel, das entwickelt wurde, um verdickte und verh\u00e4rtete Haut sowie Hornhaut zu entfernen ,ganz ohne die Verwendung einer Klinge.<br \/>\nSeine keratolytische Formel macht die Haut weich und sorgt f\u00fcr glattere, erneuerte F\u00fc\u00dfe.<\/p>\n<p><strong>Hauptinhaltsstoffe:<\/strong><\/p>\n<ul>\n<li><strong>Urea <\/strong>\u2013 macht raue und verh\u00e4rtete Haut weich<\/li>\n<li>Magnesiumsulfat \u2013 unterst\u00fctzt die Peelingwirkung und Hauterneuerung<\/li>\n<li><strong>Milchs\u00e4ure <\/strong>\u2013 entfernt abgestorbene Hautzellen und f\u00f6rdert die Gl\u00e4tte<\/li>\n<li><strong>Salix Alba (Weidenrindenextrakt) <\/strong>\u2013 enth\u00e4lt nat\u00fcrliche keratolytische Eigenschaften<\/li>\n<\/ul>\n<p><span class=\"red\">Dermatologisch getestet.<\/span><br \/>\nErh\u00e4ltlich in einer <strong>40 ml Packung.<\/strong><\/p>\n","protected":false},"excerpt":{"rendered":"<p>Spezialisiertes Gel, das entwickelt wurde, um verdickte und verh\u00e4rtete Haut sowie Hornhaut zu entfernen ,ganz ohne die Verwendung einer Klinge.<br \/>\nSeine keratolytische Formel macht die Haut weich und sorgt f\u00fcr glattere, erneuerte F\u00fc\u00dfe.<\/p>\n<p><strong>Hauptinhaltsstoffe:<\/strong><\/p>\n<ul>\n<li><strong>Urea <\/strong>\u2013 macht raue und verh\u00e4rtete Haut weich<\/li>\n<li>Magnesiumsulfat \u2013 unterst\u00fctzt die Peelingwirkung und Hauterneuerung<\/li>\n<li><strong>Milchs\u00e4ure <\/strong>\u2013 entfernt abgestorbene Hautzellen und f\u00f6rdert die Gl\u00e4tte<\/li>\n<li><strong>Salix Alba (Weidenrindenextrakt) <\/strong>\u2013 enth\u00e4lt nat\u00fcrliche keratolytische Eigenschaften<\/li>\n<\/ul>\n<p><span class=\"red\">Dermatologisch getestet.<\/span><br \/>\nErh\u00e4ltlich in einer <strong>40 ml Packung.<\/strong><\/p>\n","protected":false},"featured_media":1682,"comment_status":"open","ping_status":"closed","template":"","meta":{"site-sidebar-layout":"default","site-content-layout":"","ast-site-content-layout":"default","site-content-style":"default","site-sidebar-style":"default","ast-global-header-display":"","ast-banner-title-visibility":"","ast-main-header-display":"","ast-hfb-above-header-display":"","ast-hfb-below-header-display":"","ast-hfb-mobile-header-display":"","site-post-title":"","ast-breadcrumbs-content":"","ast-featured-img":"","footer-sml-layout":"","ast-disable-related-posts":"","theme-transparent-header-meta":"default","adv-header-id-meta":"","stick-header-meta":"","header-above-stick-meta":"","header-main-stick-meta":"","header-below-stick-meta":"","astra-migrate-meta-layouts":"default","ast-page-background-enabled":"default","ast-page-background-meta":{"desktop":{"background-color":"var(--ast-global-color-5)","background-image":"","background-repeat":"repeat","background-position":"center center","background-size":"auto","background-attachment":"scroll","background-type":"","background-media":"","overlay-type":"","overlay-color":"","overlay-opacity":"","overlay-gradient":""},"tablet":{"background-color":"","background-image":"","background-repeat":"repeat","background-position":"center center","background-size":"auto","background-attachment":"scroll","background-type":"","background-media":"","overlay-type":"","overlay-color":"","overlay-opacity":"","overlay-gradient":""},"mobile":{"background-color":"","background-image":"","background-repeat":"repeat","background-position":"center center","background-size":"auto","background-attachment":"scroll","background-type":"","background-media":"","overlay-type":"","overlay-color":"","overlay-opacity":"","overlay-gradient":""}},"ast-content-background-meta":{"desktop":{"background-color":"var(--ast-global-color-4)","background-image":"","background-repeat":"repeat","background-position":"center center","background-size":"auto","background-attachment":"scroll","background-type":"","background-media":"","overlay-type":"","overlay-color":"","overlay-opacity":"","overlay-gradient":""},"tablet":{"background-color":"var(--ast-global-color-4)","background-image":"","background-repeat":"repeat","background-position":"center center","background-size":"auto","background-attachment":"scroll","background-type":"","background-media":"","overlay-type":"","overlay-color":"","overlay-opacity":"","overlay-gradient":""},"mobile":{"background-color":"var(--ast-global-color-4)","background-image":"","background-repeat":"repeat","background-position":"center center","background-size":"auto","background-attachment":"scroll","background-type":"","background-media":"","overlay-type":"","overlay-color":"","overlay-opacity":"","overlay-gradient":""}}},"product_brand":[],"product_cat":[115],"product_tag":[],"class_list":{"0":"post-1681","1":"product","2":"type-product","3":"status-publish","4":"has-post-thumbnail","6":"product_cat-podiakro-fusspflegeprodukte","7":"desktop-align-left","8":"tablet-align-left","9":"mobile-align-left","11":"first","12":"instock","13":"shipping-taxable","14":"product-type-simple"},"_links":{"self":[{"href":"https:\/\/myboderm.com\/de\/wp-json\/wp\/v2\/product\/1681","targetHints":{"allow":["GET"]}}],"collection":[{"href":"https:\/\/myboderm.com\/de\/wp-json\/wp\/v2\/product"}],"about":[{"href":"https:\/\/myboderm.com\/de\/wp-json\/wp\/v2\/types\/product"}],"replies":[{"embeddable":true,"href":"https:\/\/myboderm.com\/de\/wp-json\/wp\/v2\/comments?post=1681"}],"version-history":[{"count":1,"href":"https:\/\/myboderm.com\/de\/wp-json\/wp\/v2\/product\/1681\/revisions"}],"predecessor-version":[{"id":4726,"href":"https:\/\/myboderm.com\/de\/wp-json\/wp\/v2\/product\/1681\/revisions\/4726"}],"wp:featuredmedia":[{"embeddable":true,"href":"https:\/\/myboderm.com\/de\/wp-json\/wp\/v2\/media\/1682"}],"wp:attachment":[{"href":"https:\/\/myboderm.com\/de\/wp-json\/wp\/v2\/media?parent=1681"}],"wp:term":[{"taxonomy":"product_brand","embeddable":true,"href":"https:\/\/myboderm.com\/de\/wp-json\/wp\/v2\/product_brand?post=1681"},{"taxonomy":"product_cat","embeddable":true,"href":"https:\/\/myboderm.com\/de\/wp-json\/wp\/v2\/product_cat?post=1681"},{"taxonomy":"product_tag","embeddable":true,"href":"https:\/\/myboderm.com\/de\/wp-json\/wp\/v2\/product_tag?post=1681"}],"curies":[{"name":"wp","href":"https:\/\/api.w.org\/{rel}","templated":true}]}}