{"id":1622,"date":"2025-10-23T12:30:00","date_gmt":"2025-10-23T12:30:00","guid":{"rendered":"https:\/\/myboderm.com\/product\/podiakro-winter-care-cream\/"},"modified":"2026-03-04T12:42:51","modified_gmt":"2026-03-04T12:42:51","slug":"podiakro-winter-care-cream","status":"publish","type":"product","link":"https:\/\/myboderm.com\/de\/produkt\/podiakro-winter-care-cream\/","title":{"rendered":"PODIAKRO WINTER CARE CREAM"},"content":{"rendered":"<p>Leicht texturierte Creme, ideal zur topischen Anwendung bei kalten F\u00fc\u00dfen, besonders in der Winterzeit.<br \/>\nSie sorgt f\u00fcr ein w\u00e4rmendes und beruhigendes Gef\u00fchl, w\u00e4hrend sie die Haut intensiv mit Feuchtigkeit versorgt.<\/p>\n<p><strong>Hauptinhaltsstoffe:<\/strong><\/p>\n<ul>\n<li><strong>Vanillyl Butyl Ether<\/strong> \u2013 sorgt f\u00fcr ein angenehmes W\u00e4rmegef\u00fchl<\/li>\n<li><strong>Panthenol <\/strong>\u2013 spendet Feuchtigkeit und beruhigt trockene Haut<\/li>\n<li><strong>Aloe Vera <\/strong>\u2013 bietet Feuchtigkeit und Wohlbefinden f\u00fcr die Haut<\/li>\n<\/ul>\n<p><span class=\"red\">Dermatologisch getestet.<\/span><br \/>\nErh\u00e4ltlich in einer <strong>100 ml-Packung.<\/strong><\/p>\n","protected":false},"excerpt":{"rendered":"<p>Leicht texturierte Creme, ideal zur topischen Anwendung bei kalten F\u00fc\u00dfen, besonders in der Winterzeit. Sie sorgt f\u00fcr ein w\u00e4rmendes und [&hellip;]<\/p>\n","protected":false},"featured_media":1623,"comment_status":"open","ping_status":"closed","template":"","meta":{"site-sidebar-layout":"default","site-content-layout":"","ast-site-content-layout":"default","site-content-style":"default","site-sidebar-style":"default","ast-global-header-display":"","ast-banner-title-visibility":"","ast-main-header-display":"","ast-hfb-above-header-display":"","ast-hfb-below-header-display":"","ast-hfb-mobile-header-display":"","site-post-title":"","ast-breadcrumbs-content":"","ast-featured-img":"","footer-sml-layout":"","ast-disable-related-posts":"","theme-transparent-header-meta":"default","adv-header-id-meta":"","stick-header-meta":"","header-above-stick-meta":"","header-main-stick-meta":"","header-below-stick-meta":"","astra-migrate-meta-layouts":"default","ast-page-background-enabled":"default","ast-page-background-meta":{"desktop":{"background-color":"var(--ast-global-color-5)","background-image":"","background-repeat":"repeat","background-position":"center center","background-size":"auto","background-attachment":"scroll","background-type":"","background-media":"","overlay-type":"","overlay-color":"","overlay-opacity":"","overlay-gradient":""},"tablet":{"background-color":"","background-image":"","background-repeat":"repeat","background-position":"center center","background-size":"auto","background-attachment":"scroll","background-type":"","background-media":"","overlay-type":"","overlay-color":"","overlay-opacity":"","overlay-gradient":""},"mobile":{"background-color":"","background-image":"","background-repeat":"repeat","background-position":"center center","background-size":"auto","background-attachment":"scroll","background-type":"","background-media":"","overlay-type":"","overlay-color":"","overlay-opacity":"","overlay-gradient":""}},"ast-content-background-meta":{"desktop":{"background-color":"var(--ast-global-color-4)","background-image":"","background-repeat":"repeat","background-position":"center center","background-size":"auto","background-attachment":"scroll","background-type":"","background-media":"","overlay-type":"","overlay-color":"","overlay-opacity":"","overlay-gradient":""},"tablet":{"background-color":"var(--ast-global-color-4)","background-image":"","background-repeat":"repeat","background-position":"center center","background-size":"auto","background-attachment":"scroll","background-type":"","background-media":"","overlay-type":"","overlay-color":"","overlay-opacity":"","overlay-gradient":""},"mobile":{"background-color":"var(--ast-global-color-4)","background-image":"","background-repeat":"repeat","background-position":"center center","background-size":"auto","background-attachment":"scroll","background-type":"","background-media":"","overlay-type":"","overlay-color":"","overlay-opacity":"","overlay-gradient":""}}},"product_brand":[],"product_cat":[115],"product_tag":[],"class_list":{"0":"post-1622","1":"product","2":"type-product","3":"status-publish","4":"has-post-thumbnail","6":"product_cat-podiakro-fusspflegeprodukte","7":"desktop-align-left","8":"tablet-align-left","9":"mobile-align-left","11":"first","12":"instock","13":"shipping-taxable","14":"product-type-simple"},"_links":{"self":[{"href":"https:\/\/myboderm.com\/de\/wp-json\/wp\/v2\/product\/1622","targetHints":{"allow":["GET"]}}],"collection":[{"href":"https:\/\/myboderm.com\/de\/wp-json\/wp\/v2\/product"}],"about":[{"href":"https:\/\/myboderm.com\/de\/wp-json\/wp\/v2\/types\/product"}],"replies":[{"embeddable":true,"href":"https:\/\/myboderm.com\/de\/wp-json\/wp\/v2\/comments?post=1622"}],"version-history":[{"count":1,"href":"https:\/\/myboderm.com\/de\/wp-json\/wp\/v2\/product\/1622\/revisions"}],"predecessor-version":[{"id":4722,"href":"https:\/\/myboderm.com\/de\/wp-json\/wp\/v2\/product\/1622\/revisions\/4722"}],"wp:featuredmedia":[{"embeddable":true,"href":"https:\/\/myboderm.com\/de\/wp-json\/wp\/v2\/media\/1623"}],"wp:attachment":[{"href":"https:\/\/myboderm.com\/de\/wp-json\/wp\/v2\/media?parent=1622"}],"wp:term":[{"taxonomy":"product_brand","embeddable":true,"href":"https:\/\/myboderm.com\/de\/wp-json\/wp\/v2\/product_brand?post=1622"},{"taxonomy":"product_cat","embeddable":true,"href":"https:\/\/myboderm.com\/de\/wp-json\/wp\/v2\/product_cat?post=1622"},{"taxonomy":"product_tag","embeddable":true,"href":"https:\/\/myboderm.com\/de\/wp-json\/wp\/v2\/product_tag?post=1622"}],"curies":[{"name":"wp","href":"https:\/\/api.w.org\/{rel}","templated":true}]}}