{"id":1408,"date":"2025-09-16T09:14:08","date_gmt":"2025-09-16T09:14:08","guid":{"rendered":"https:\/\/myboderm.com\/product\/besenreiser-gesichtscreme-ce\/"},"modified":"2026-03-04T12:42:50","modified_gmt":"2026-03-04T12:42:50","slug":"besenreiser-gesichtscreme-ce","status":"publish","type":"product","link":"https:\/\/myboderm.com\/de\/produkt\/besenreiser-gesichtscreme-ce\/","title":{"rendered":"Besenreiser-Gesichtscreme CE"},"content":{"rendered":"<p class=\" translation-block\">Gesichtscreme f\u00fcr Krampfadern.<br \/>\n<b>Prototyp Besenreiser CE<\/b> verhindert und behandelt Krampfadern des Gesichts.<\/p>\n<ul>\n<li class=\" translation-block\"><b>Extrakt aus Arnica montana<\/b> Verbessert die Blutzirkulation mit entz\u00fcndungshemmenden Eigenschaften.<\/li>\n<li class=\" translation-block\"><b>Zypressenzapfen-Extrakt <\/b>Hilft bei der Verengung der Blutgef\u00e4\u00dfe.<\/li>\n<li class=\" translation-block\"><b>Polygonatum multiflorum Rhizom\/Wurzel-Extrakt<\/b> Antiaging und gef\u00e4\u00dfsch\u00fctzende Eigenschaften.<\/li>\n<li class=\" translation-block\">Algenextrakt (Seetang) Direkte Stimulation der Haut.<\/li>\n<li class=\" translation-block\"><b>Laktose und Proteine<\/b> Reduzieren Hautreizungen und Entz\u00fcndungen.<\/li>\n<li class=\" translation-block\"><b>Natriumhyaluronat <\/b>Ausgezeichnete Hydratation.<\/li>\n<\/ul>\n<p>Airless-Flasche mit 30 ml.<\/p>\n<p class=\"red\">Medizinprodukt &#8211; Dermatologisch getestet<\/p>\n","protected":false},"excerpt":{"rendered":"<p>Gesichtscreme f\u00fcr Krampfadern. Prototyp Besenreiser CE verhindert und behandelt Krampfadern des Gesichts. Extrakt aus Arnica montana Verbessert die Blutzirkulation mit [&hellip;]<\/p>\n","protected":false},"featured_media":1409,"comment_status":"closed","ping_status":"open","template":"","meta":{"site-sidebar-layout":"default","site-content-layout":"","ast-site-content-layout":"default","site-content-style":"default","site-sidebar-style":"default","ast-global-header-display":"","ast-banner-title-visibility":"","ast-main-header-display":"","ast-hfb-above-header-display":"","ast-hfb-below-header-display":"","ast-hfb-mobile-header-display":"","site-post-title":"","ast-breadcrumbs-content":"","ast-featured-img":"","footer-sml-layout":"","ast-disable-related-posts":"","theme-transparent-header-meta":"","adv-header-id-meta":"","stick-header-meta":"","header-above-stick-meta":"","header-main-stick-meta":"","header-below-stick-meta":"","astra-migrate-meta-layouts":"default","ast-page-background-enabled":"default","ast-page-background-meta":{"desktop":{"background-color":"var(--ast-global-color-5)","background-image":"","background-repeat":"repeat","background-position":"center center","background-size":"auto","background-attachment":"scroll","background-type":"","background-media":"","overlay-type":"","overlay-color":"","overlay-opacity":"","overlay-gradient":""},"tablet":{"background-color":"","background-image":"","background-repeat":"repeat","background-position":"center center","background-size":"auto","background-attachment":"scroll","background-type":"","background-media":"","overlay-type":"","overlay-color":"","overlay-opacity":"","overlay-gradient":""},"mobile":{"background-color":"","background-image":"","background-repeat":"repeat","background-position":"center center","background-size":"auto","background-attachment":"scroll","background-type":"","background-media":"","overlay-type":"","overlay-color":"","overlay-opacity":"","overlay-gradient":""}},"ast-content-background-meta":{"desktop":{"background-color":"var(--ast-global-color-4)","background-image":"","background-repeat":"repeat","background-position":"center center","background-size":"auto","background-attachment":"scroll","background-type":"","background-media":"","overlay-type":"","overlay-color":"","overlay-opacity":"","overlay-gradient":""},"tablet":{"background-color":"var(--ast-global-color-4)","background-image":"","background-repeat":"repeat","background-position":"center center","background-size":"auto","background-attachment":"scroll","background-type":"","background-media":"","overlay-type":"","overlay-color":"","overlay-opacity":"","overlay-gradient":""},"mobile":{"background-color":"var(--ast-global-color-4)","background-image":"","background-repeat":"repeat","background-position":"center center","background-size":"auto","background-attachment":"scroll","background-type":"","background-media":"","overlay-type":"","overlay-color":"","overlay-opacity":"","overlay-gradient":""}}},"product_brand":[],"product_cat":[108,104,95,100],"product_tag":[],"class_list":{"0":"post-1408","1":"product","2":"type-product","3":"status-publish","4":"has-post-thumbnail","6":"product_cat-asthetische-dermatologie","7":"product_cat-klinische-dermatologie","8":"product_cat-premium-kollektion-fur-gesichtspflege","9":"product_cat-produkte","10":"desktop-align-left","11":"tablet-align-left","12":"mobile-align-left","14":"first","15":"instock","16":"purchasable","17":"product-type-simple"},"_links":{"self":[{"href":"https:\/\/myboderm.com\/de\/wp-json\/wp\/v2\/product\/1408","targetHints":{"allow":["GET"]}}],"collection":[{"href":"https:\/\/myboderm.com\/de\/wp-json\/wp\/v2\/product"}],"about":[{"href":"https:\/\/myboderm.com\/de\/wp-json\/wp\/v2\/types\/product"}],"replies":[{"embeddable":true,"href":"https:\/\/myboderm.com\/de\/wp-json\/wp\/v2\/comments?post=1408"}],"version-history":[{"count":1,"href":"https:\/\/myboderm.com\/de\/wp-json\/wp\/v2\/product\/1408\/revisions"}],"predecessor-version":[{"id":4737,"href":"https:\/\/myboderm.com\/de\/wp-json\/wp\/v2\/product\/1408\/revisions\/4737"}],"wp:featuredmedia":[{"embeddable":true,"href":"https:\/\/myboderm.com\/de\/wp-json\/wp\/v2\/media\/1409"}],"wp:attachment":[{"href":"https:\/\/myboderm.com\/de\/wp-json\/wp\/v2\/media?parent=1408"}],"wp:term":[{"taxonomy":"product_brand","embeddable":true,"href":"https:\/\/myboderm.com\/de\/wp-json\/wp\/v2\/product_brand?post=1408"},{"taxonomy":"product_cat","embeddable":true,"href":"https:\/\/myboderm.com\/de\/wp-json\/wp\/v2\/product_cat?post=1408"},{"taxonomy":"product_tag","embeddable":true,"href":"https:\/\/myboderm.com\/de\/wp-json\/wp\/v2\/product_tag?post=1408"}],"curies":[{"name":"wp","href":"https:\/\/api.w.org\/{rel}","templated":true}]}}