{"id":1404,"date":"2025-09-16T09:14:08","date_gmt":"2025-09-16T09:14:08","guid":{"rendered":"https:\/\/myboderm.com\/product\/tazarene-creme-0-05\/"},"modified":"2026-03-04T12:42:50","modified_gmt":"2026-03-04T12:42:50","slug":"tazarene-creme-0-05","status":"publish","type":"product","link":"https:\/\/myboderm.com\/de\/produkt\/tazarene-creme-0-05\/","title":{"rendered":"Tazarene Creme 0.05%"},"content":{"rendered":"<div id=\"elementor-tab-content-1641\" class=\"elementor-tab-content elementor-clearfix elementor-active\" role=\"region\" data-tab=\"1\" aria-labelledby=\"elementor-tab-title-1641\">\n<p class=\" translation-block\">Zur \u00e4u\u00dferlichen Anwendung auf sehr trockener Haut.<br \/>\n<b>Tazarene Creme 0.05%<\/b> enth\u00e4lt:<\/p>\n<ul>\n<li class=\" translation-block\"><b>Tazarotene 0,05%<\/b>: Verbesserung sehr harter Hautzust\u00e4nde<\/li>\n<li class=\" translation-block\"><b>Salicyls\u00e4ure<\/b>: Keratolytische Wirkung<\/li>\n<li class=\" translation-block\"> <b>Panthenol<\/b>: Feuchthaltefunktion<\/li>\n<li class=\" translation-block\"><b>Natriumhyaluronat: <\/b>Lang anhaltende Hydratation<\/li>\n<li class=\" translation-block\"><b>Allantoin: <\/b>Erweichende Wirkung<\/li>\n<\/ul>\n<p>Erh\u00e4ltlich in einer Packung von 75 ml.<\/p>\n<p class=\"red\">Dermatologisch getestet<\/p>\n<\/div>\n","protected":false},"excerpt":{"rendered":"<p>Zur \u00e4u\u00dferlichen Anwendung auf sehr trockener Haut. Tazarene Creme 0.05% enth\u00e4lt: Tazarotene 0,05%: Verbesserung sehr harter Hautzust\u00e4nde Salicyls\u00e4ure: Keratolytische Wirkung [&hellip;]<\/p>\n","protected":false},"featured_media":1405,"comment_status":"closed","ping_status":"open","template":"","meta":{"site-sidebar-layout":"default","site-content-layout":"","ast-site-content-layout":"default","site-content-style":"default","site-sidebar-style":"default","ast-global-header-display":"","ast-banner-title-visibility":"","ast-main-header-display":"","ast-hfb-above-header-display":"","ast-hfb-below-header-display":"","ast-hfb-mobile-header-display":"","site-post-title":"","ast-breadcrumbs-content":"","ast-featured-img":"","footer-sml-layout":"","ast-disable-related-posts":"","theme-transparent-header-meta":"","adv-header-id-meta":"","stick-header-meta":"","header-above-stick-meta":"","header-main-stick-meta":"","header-below-stick-meta":"","astra-migrate-meta-layouts":"default","ast-page-background-enabled":"default","ast-page-background-meta":{"desktop":{"background-color":"var(--ast-global-color-5)","background-image":"","background-repeat":"repeat","background-position":"center center","background-size":"auto","background-attachment":"scroll","background-type":"","background-media":"","overlay-type":"","overlay-color":"","overlay-opacity":"","overlay-gradient":""},"tablet":{"background-color":"","background-image":"","background-repeat":"repeat","background-position":"center center","background-size":"auto","background-attachment":"scroll","background-type":"","background-media":"","overlay-type":"","overlay-color":"","overlay-opacity":"","overlay-gradient":""},"mobile":{"background-color":"","background-image":"","background-repeat":"repeat","background-position":"center center","background-size":"auto","background-attachment":"scroll","background-type":"","background-media":"","overlay-type":"","overlay-color":"","overlay-opacity":"","overlay-gradient":""}},"ast-content-background-meta":{"desktop":{"background-color":"var(--ast-global-color-4)","background-image":"","background-repeat":"repeat","background-position":"center center","background-size":"auto","background-attachment":"scroll","background-type":"","background-media":"","overlay-type":"","overlay-color":"","overlay-opacity":"","overlay-gradient":""},"tablet":{"background-color":"var(--ast-global-color-4)","background-image":"","background-repeat":"repeat","background-position":"center center","background-size":"auto","background-attachment":"scroll","background-type":"","background-media":"","overlay-type":"","overlay-color":"","overlay-opacity":"","overlay-gradient":""},"mobile":{"background-color":"var(--ast-global-color-4)","background-image":"","background-repeat":"repeat","background-position":"center center","background-size":"auto","background-attachment":"scroll","background-type":"","background-media":"","overlay-type":"","overlay-color":"","overlay-opacity":"","overlay-gradient":""}}},"product_brand":[],"product_cat":[104,105,95,100,106],"product_tag":[],"class_list":{"0":"post-1404","1":"product","2":"type-product","3":"status-publish","4":"has-post-thumbnail","6":"product_cat-klinische-dermatologie","7":"product_cat-kosmetika","8":"product_cat-premium-kollektion-fur-gesichtspflege","9":"product_cat-produkte","10":"product_cat-tazarene","11":"desktop-align-left","12":"tablet-align-left","13":"mobile-align-left","15":"first","16":"instock","17":"purchasable","18":"product-type-simple"},"_links":{"self":[{"href":"https:\/\/myboderm.com\/de\/wp-json\/wp\/v2\/product\/1404","targetHints":{"allow":["GET"]}}],"collection":[{"href":"https:\/\/myboderm.com\/de\/wp-json\/wp\/v2\/product"}],"about":[{"href":"https:\/\/myboderm.com\/de\/wp-json\/wp\/v2\/types\/product"}],"replies":[{"embeddable":true,"href":"https:\/\/myboderm.com\/de\/wp-json\/wp\/v2\/comments?post=1404"}],"version-history":[{"count":1,"href":"https:\/\/myboderm.com\/de\/wp-json\/wp\/v2\/product\/1404\/revisions"}],"predecessor-version":[{"id":4736,"href":"https:\/\/myboderm.com\/de\/wp-json\/wp\/v2\/product\/1404\/revisions\/4736"}],"wp:featuredmedia":[{"embeddable":true,"href":"https:\/\/myboderm.com\/de\/wp-json\/wp\/v2\/media\/1405"}],"wp:attachment":[{"href":"https:\/\/myboderm.com\/de\/wp-json\/wp\/v2\/media?parent=1404"}],"wp:term":[{"taxonomy":"product_brand","embeddable":true,"href":"https:\/\/myboderm.com\/de\/wp-json\/wp\/v2\/product_brand?post=1404"},{"taxonomy":"product_cat","embeddable":true,"href":"https:\/\/myboderm.com\/de\/wp-json\/wp\/v2\/product_cat?post=1404"},{"taxonomy":"product_tag","embeddable":true,"href":"https:\/\/myboderm.com\/de\/wp-json\/wp\/v2\/product_tag?post=1404"}],"curies":[{"name":"wp","href":"https:\/\/api.w.org\/{rel}","templated":true}]}}